{"id":638,"date":"2024-04-09T09:53:01","date_gmt":"2024-04-09T09:53:01","guid":{"rendered":"https:\/\/searaestridenteexport.com\/?page_id=638"},"modified":"2024-04-09T10:10:01","modified_gmt":"2024-04-09T10:10:01","slug":"politica-de-privacidade","status":"publish","type":"page","link":"https:\/\/searaestridenteexport.com\/it\/politica-de-privacidade\/","title":{"rendered":"Informativa sulla privacy"},"content":{"rendered":"<section class=\"l-section wpb_row height_medium\"><div class=\"l-section-h i-cf\"><div class=\"g-cols vc_row via_grid cols_1 laptops-cols_inherit tablets-cols_inherit mobiles-cols_1 valign_top type_default stacking_default\"><div class=\"wpb_column vc_column_container\"><div class=\"vc_column-inner\"><div class=\"wpb_text_column\"><div class=\"wpb_wrapper\"><h1 class=\"wp-block-heading\"><strong>Informativa sulla privacy<\/strong><\/h1>\n<p><strong>Raccolta e utilizzo delle informazioni<\/strong><\/p>\n<p>Durante la navigazione di questo sito Internet, possiamo raccogliere determinate informazioni personali dell'utente, come il nome, l'indirizzo e-mail, l'indirizzo IP e le informazioni sul browser utilizzato. Possiamo inoltre utilizzare queste informazioni per finalit\u00e0 legate all'amministrazione del sito, all'analisi delle tendenze, per operazioni interne e per migliorare l'esperienza dell'utente.<\/p>\n<p><strong>Cookies<\/strong><\/p>\n<p>Questo sito Internet utilizza cookie e tecnologie simili per raccogliere informazioni sulle modalit\u00e0 di interazione con lo stesso e per migliorare l'esperienza dell'utente. Un cookie \u00e8 un piccolo file di testo che viene memorizzato sul dispositivo dell'utente per aiutarci ad analizzare il traffico web. \u00c8 possibile controllare l'uso dei cookie nelle impostazioni del browser.<\/p>\n<p><strong>Condivisione delle informazioni<\/strong><\/p>\n<p>Non condividiamo le informazioni personali dell'utente con terze parti, se non qualora sia necessario per gestire il sito Internet, rispettare la normativa vigente o tutelare i nostri diritti.<\/p>\n<p><strong>Sicurezza<\/strong><\/p>\n<p>Adottiamo misure di sicurezza ragionevoli per proteggere le informazioni personali che raccogliamo. Tuttavia, si ricorda che nessuna modalit\u00e0 di trasmissione di dati tramite Internet o di archiviazione elettronica \u00e8 sicuro al 100%, e non possiamo dunque garantirne l'assoluta sicurezza.<\/p>\n<p><strong>Link ad altri siti<\/strong><\/p>\n<p>Questo sito Internet pu\u00f2 contenere link ad altri siti non gestiti da noi. Cliccando su un link di terzi, si viene reindirizzati al sito web di questi ultimi. Si consiglia dunque di prendere visione dell'Informativa sulla privacy di ciascun sito visitato.<\/p>\n<p><strong>Modifiche alla presente Informativa sulla privacy<\/strong><\/p>\n<p>Di tanto in tanto, la nostra Informativa sulla privacy potrebbe subire aggiornamenti. Si consiglia di consultare regolarmente questa pagina per rimanere informati sulle eventuali modifiche.<\/p>\n<p><strong>Diritti dell'utente<\/strong><\/p>\n<p>L'utente ha il diritto di richiedere l'accesso, la correzione, l'eliminazione o la limitazione del trattamento dei propri dati personali. Se desidera esercitare questi diritti, la preghiamo di contattarci utilizzando i recapiti forniti di seguito.<\/p>\n<p><strong>Contatti<\/strong><\/p>\n<p>In caso di domande o dubbi sulla nostra Informativa sulla privacy, la preghiamo di contattarci al seguente indirizzo e-mail: seara@searaestridenteexport.com.<\/p>\n<\/div><\/div><\/div><\/div><\/div><\/div><\/section>","protected":false},"excerpt":{"rendered":"Pol\u00edtica de Privacidade Coleta e Uso de Informa\u00e7\u00f5es Ao utilizar o Site, podemos coletar determinadas informa\u00e7\u00f5es pessoais suas, como seu nome, endere\u00e7o de e-mail, endere\u00e7o IP e informa\u00e7\u00f5es sobre o navegador que voc\u00ea est\u00e1 usando. Podemos usar essas informa\u00e7\u00f5es para fins de administra\u00e7\u00e3o do site, an\u00e1lise de tend\u00eancias, opera\u00e7\u00f5es internas e para melhorar a experi\u00eancia...","protected":false},"author":1,"featured_media":0,"parent":0,"menu_order":0,"comment_status":"closed","ping_status":"closed","template":"","meta":{"footnotes":""},"class_list":["post-638","page","type-page","status-publish","hentry"],"_links":{"self":[{"href":"https:\/\/searaestridenteexport.com\/it\/wp-json\/wp\/v2\/pages\/638","targetHints":{"allow":["GET"]}}],"collection":[{"href":"https:\/\/searaestridenteexport.com\/it\/wp-json\/wp\/v2\/pages"}],"about":[{"href":"https:\/\/searaestridenteexport.com\/it\/wp-json\/wp\/v2\/types\/page"}],"author":[{"embeddable":true,"href":"https:\/\/searaestridenteexport.com\/it\/wp-json\/wp\/v2\/users\/1"}],"replies":[{"embeddable":true,"href":"https:\/\/searaestridenteexport.com\/it\/wp-json\/wp\/v2\/comments?post=638"}],"version-history":[{"count":3,"href":"https:\/\/searaestridenteexport.com\/it\/wp-json\/wp\/v2\/pages\/638\/revisions"}],"predecessor-version":[{"id":642,"href":"https:\/\/searaestridenteexport.com\/it\/wp-json\/wp\/v2\/pages\/638\/revisions\/642"}],"wp:attachment":[{"href":"https:\/\/searaestridenteexport.com\/it\/wp-json\/wp\/v2\/media?parent=638"}],"curies":[{"name":"wp","href":"https:\/\/api.w.org\/{rel}","templated":true}]}}