{"id":638,"date":"2024-04-09T09:53:01","date_gmt":"2024-04-09T09:53:01","guid":{"rendered":"https:\/\/searaestridenteexport.com\/?page_id=638"},"modified":"2024-04-09T10:10:01","modified_gmt":"2024-04-09T10:10:01","slug":"politica-de-privacidade","status":"publish","type":"page","link":"https:\/\/searaestridenteexport.com\/es\/politica-de-privacidade\/","title":{"rendered":"Pol\u00edtica de privacidad"},"content":{"rendered":"<section class=\"l-section wpb_row height_medium\"><div class=\"l-section-h i-cf\"><div class=\"g-cols vc_row via_grid cols_1 laptops-cols_inherit tablets-cols_inherit mobiles-cols_1 valign_top type_default stacking_default\"><div class=\"wpb_column vc_column_container\"><div class=\"vc_column-inner\"><div class=\"wpb_text_column\"><div class=\"wpb_wrapper\"><h1 class=\"wp-block-heading\"><strong>Pol\u00edtica de privacidad<\/strong><\/h1>\n<p><strong>Recopilaci\u00f3n y uso de la informaci\u00f3n<\/strong><\/p>\n<p>Cuando utiliza este sitio web, podr\u00edamos recoger ciertos datos personales sobre usted tales como: su nombre, direcci\u00f3n de correo electr\u00f3nico, direcci\u00f3n IP e informaci\u00f3n relacionada con el navegador que est\u00e1 utilizando. Es posible que utilicemos esta informaci\u00f3n con fines de administraci\u00f3n del sitio, an\u00e1lisis de tendencias, operaciones internas y para mejorar la experiencia de usuario.<\/p>\n<p><strong>Cookies<\/strong><\/p>\n<p>Este sitio web emplea cookies y tecnolog\u00edas an\u00e1logas para recolectar datos de interacci\u00f3n con el sitio, con el objetivo de mejorar su experiencia. Una cookie es un peque\u00f1o archivo de texto que se almacena en su dispositivo para ayudar a analizar el tr\u00e1fico web. Puede controlar el uso de cookies en la configuraci\u00f3n de su navegador.<\/p>\n<p><strong>Intercambio de informaci\u00f3n<\/strong><\/p>\n<p>No compartimos su informaci\u00f3n personal con terceros, excepto cuando es necesario para el funcionamiento del sitio, el cumplimiento de la ley o la protecci\u00f3n de nuestros derechos.<\/p>\n<p><strong>Seguridad<\/strong><\/p>\n<p>Aplicamos medidas de seguridad razonables para proteger la informaci\u00f3n personal que recopilamos. Le rogamos no obstante que tenga en cuenta que ning\u00fan m\u00e9todo de transmisi\u00f3n por Internet o de almacenamiento electr\u00f3nico es 100% seguro; no podemos garantizar su absoluta seguridad.<\/p>\n<p><strong>Enlaces a otros sitios web<\/strong><\/p>\n<p>Este sitio web puede contener enlaces a otros sitios web no gestionados por nosotros. Al hacer clic en un enlace de terceros, se le dirigir\u00e1 al sitio web de ese tercero. Le recomendamos que revise la Pol\u00edtica de Privacidad de cada sitio que visite.<\/p>\n<p><strong>Cambios en esta Pol\u00edtica de Privacidad<\/strong><\/p>\n<p>Es posible que ocasionalmente modifiquemos nuestra Pol\u00edtica de Privacidad. Le sugerimos que visite esta p\u00e1gina frecuentemente para estar al tanto de cualquier modificaci\u00f3n.<\/p>\n<p><strong>Sus derechos<\/strong><\/p>\n<p>Posee el derecho de solicitar el acceso, la correcci\u00f3n, la eliminaci\u00f3n o la limitaci\u00f3n del procesamiento de sus datos personales. Para ejercer estos derechos, p\u00f3ngase en contacto con nosotros a trav\u00e9s de los datos que figuran a continuaci\u00f3n.<\/p>\n<p><strong>Contacto<\/strong><\/p>\n<p>Para cualquier pregunta o duda sobre nuestra Pol\u00edtica de Privacidad, no dude en ponerse en contacto con nosotros a trav\u00e9s de la siguiente direcci\u00f3n de correo electr\u00f3nico: seara@searaestridenteexport.com.<\/p>\n<\/div><\/div><\/div><\/div><\/div><\/div><\/section>","protected":false},"excerpt":{"rendered":"Pol\u00edtica de Privacidade Coleta e Uso de Informa\u00e7\u00f5es Ao utilizar o Site, podemos coletar determinadas informa\u00e7\u00f5es pessoais suas, como seu nome, endere\u00e7o de e-mail, endere\u00e7o IP e informa\u00e7\u00f5es sobre o navegador que voc\u00ea est\u00e1 usando. Podemos usar essas informa\u00e7\u00f5es para fins de administra\u00e7\u00e3o do site, an\u00e1lise de tend\u00eancias, opera\u00e7\u00f5es internas e para melhorar a experi\u00eancia...","protected":false},"author":1,"featured_media":0,"parent":0,"menu_order":0,"comment_status":"closed","ping_status":"closed","template":"","meta":{"footnotes":""},"class_list":["post-638","page","type-page","status-publish","hentry"],"_links":{"self":[{"href":"https:\/\/searaestridenteexport.com\/es\/wp-json\/wp\/v2\/pages\/638","targetHints":{"allow":["GET"]}}],"collection":[{"href":"https:\/\/searaestridenteexport.com\/es\/wp-json\/wp\/v2\/pages"}],"about":[{"href":"https:\/\/searaestridenteexport.com\/es\/wp-json\/wp\/v2\/types\/page"}],"author":[{"embeddable":true,"href":"https:\/\/searaestridenteexport.com\/es\/wp-json\/wp\/v2\/users\/1"}],"replies":[{"embeddable":true,"href":"https:\/\/searaestridenteexport.com\/es\/wp-json\/wp\/v2\/comments?post=638"}],"version-history":[{"count":3,"href":"https:\/\/searaestridenteexport.com\/es\/wp-json\/wp\/v2\/pages\/638\/revisions"}],"predecessor-version":[{"id":642,"href":"https:\/\/searaestridenteexport.com\/es\/wp-json\/wp\/v2\/pages\/638\/revisions\/642"}],"wp:attachment":[{"href":"https:\/\/searaestridenteexport.com\/es\/wp-json\/wp\/v2\/media?parent=638"}],"curies":[{"name":"wp","href":"https:\/\/api.w.org\/{rel}","templated":true}]}}