{"id":638,"date":"2024-04-09T09:53:01","date_gmt":"2024-04-09T09:53:01","guid":{"rendered":"https:\/\/searaestridenteexport.com\/?page_id=638"},"modified":"2024-04-09T10:10:01","modified_gmt":"2024-04-09T10:10:01","slug":"politica-de-privacidade","status":"publish","type":"page","link":"https:\/\/searaestridenteexport.com\/cn\/politica-de-privacidade\/","title":{"rendered":"\u9690\u79c1\u653f\u7b56"},"content":{"rendered":"<section class=\"l-section wpb_row height_medium\"><div class=\"l-section-h i-cf\"><div class=\"g-cols vc_row via_grid cols_1 laptops-cols_inherit tablets-cols_inherit mobiles-cols_1 valign_top type_default stacking_default\"><div class=\"wpb_column vc_column_container\"><div class=\"vc_column-inner\"><div class=\"wpb_text_column\"><div class=\"wpb_wrapper\"><h1 class=\"wp-block-heading\"><strong>\u9690\u79c1\u653f\u7b56<\/strong><\/h1>\n<p><strong>\u4fe1\u606f\u7684\u6536\u96c6\u548c\u4f7f\u7528<\/strong><\/p>\n<p>\u5f53\u60a8\u4f7f\u7528\u672c\u7f51\u7ad9\u65f6\uff0c\u6211\u4eec\u53ef\u80fd\u4f1a\u6536\u96c6\u60a8\u7684\u67d0\u4e9b\u4e2a\u4eba\u4fe1\u606f\uff0c\u4f8b\u5982\u60a8\u7684\u59d3\u540d\u3001\u7535\u5b50\u90ae\u4ef6\u5730\u5740\u3001IP \u5730\u5740\u4ee5\u53ca\u60a8\u4f7f\u7528\u7684\u6d4f\u89c8\u5668\u7684\u76f8\u5173\u4fe1\u606f\u3002 \u6211\u4eec\u53ef\u80fd\u5c06\u8fd9\u4e9b\u4fe1\u606f\u7528\u4e8e\u7f51\u7ad9\u7ba1\u7406\u3001\u8d8b\u52bf\u5206\u6790\u3001\u5185\u90e8\u8fd0\u8425\u548c\u6539\u5584\u7528\u6237\u4f53\u9a8c\u3002<\/p>\n<p><strong>\u4fe1\u606f\u8bb0\u5f55\u7a0b\u5e8f<\/strong><\/p>\n<p>\u672c\u7f51\u7ad9\u4f7f\u7528 Cookie \u548c\u7c7b\u4f3c\u6280\u672f\u6536\u96c6\u6709\u5173\u60a8\u5982\u4f55\u4e0e\u672c\u7f51\u7ad9\u4e92\u52a8\u7684\u4fe1\u606f\uff0c\u5e76\u6539\u5584\u60a8\u7684\u4f53\u9a8c\u3002 Cookie \u662f\u5b58\u50a8\u5728\u60a8\u8bbe\u5907\u4e0a\u7684\u5c0f\u6587\u672c\u6587\u4ef6\uff0c\u7528\u4e8e\u5e2e\u52a9\u5206\u6790\u7f51\u7edc\u6d41\u91cf\u3002 \u60a8\u53ef\u4ee5\u5728\u6d4f\u89c8\u5668\u8bbe\u7f6e\u4e2d\u63a7\u5236 cookie \u7684\u4f7f\u7528\u3002<\/p>\n<p><strong>\u4fe1\u606f\u5171\u4eab<\/strong><\/p>\n<p>\u6211\u4eec\u4e0d\u4f1a\u4e0e\u7b2c\u4e09\u65b9\u5171\u4eab\u60a8\u7684\u4e2a\u4eba\u4fe1\u606f\uff0c\u9664\u975e\u662f\u4e3a\u4e86\u8fd0\u8425\u7f51\u7ad9\u3001\u9075\u5b88\u6cd5\u5f8b\u6216\u4fdd\u62a4\u6211\u4eec\u7684\u6743\u5229\u3002<\/p>\n<p><strong>\u5b89\u5168\u6027<\/strong><\/p>\n<p>\u6211\u4eec\u91c7\u7528\u5408\u7406\u7684\u5b89\u5168\u63aa\u65bd\u6765\u4fdd\u62a4\u6211\u4eec\u6536\u96c6\u7684\u4e2a\u4eba\u4fe1\u606f\u3002 \u4f46\u8bf7\u6ce8\u610f\uff0c\u4efb\u4f55\u4e92\u8054\u7f51\u4f20\u8f93\u6216\u7535\u5b50\u5b58\u50a8\u65b9\u5f0f\u90fd\u4e0d\u662f100%\u5b89\u5168\u7684\uff0c\u6211\u4eec\u65e0\u6cd5\u4fdd\u8bc1\u5176\u7edd\u5bf9\u5b89\u5168\u3002<\/p>\n<p><strong>\u4e0e\u5176\u4ed6\u7f51\u7ad9\u7684\u94fe\u63a5<\/strong><\/p>\n<p>\u672c\u7f51\u7ad9\u53ef\u80fd\u5305\u542b\u975e\u672c\u516c\u53f8\u8fd0\u8425\u7684\u5176\u4ed6\u7f51\u7ad9\u7684\u94fe\u63a5\u3002 \u5f53\u60a8\u70b9\u51fb\u7b2c\u4e09\u65b9\u94fe\u63a5\u65f6\uff0c\u60a8\u5c06\u88ab\u5f15\u5bfc\u81f3\u8be5\u7b2c\u4e09\u65b9\u7f51\u7ad9\u3002 \u6211\u4eec\u5efa\u8bae\u60a8\u67e5\u770b\u60a8\u8bbf\u95ee\u7684\u6bcf\u4e2a\u7f51\u7ad9\u7684\u9690\u79c1\u653f\u7b56\u3002<\/p>\n<p><strong>\u672c\u9690\u79c1\u653f\u7b56\u7684\u53d8\u66f4<\/strong><\/p>\n<p>\u6211\u4eec\u53ef\u80fd\u4f1a\u4e0d\u65f6\u66f4\u65b0\u6211\u4eec\u7684\u9690\u79c1\u653f\u7b56\u3002 \u6211\u4eec\u5efa\u8bae\u60a8\u5b9a\u671f\u67e5\u770b\u6b64\u9875\u9762\uff0c\u4ee5\u4fbf\u968f\u65f6\u4e86\u89e3\u4efb\u4f55\u53d8\u66f4\u3002<\/p>\n<p><strong>\u60a8\u7684\u6743\u5229<\/strong><\/p>\n<p>\u60a8\u6709\u6743\u8981\u6c42\u8bbf\u95ee\u3001\u66f4\u6b63\u3001\u5220\u9664\u6216\u9650\u5236\u5904\u7406\u60a8\u7684\u4e2a\u4eba\u4fe1\u606f\u3002 \u5982\u679c\u60a8\u5e0c\u671b\u884c\u4f7f\u8fd9\u4e9b\u6743\u5229\uff0c\u8bf7\u901a\u8fc7\u4ee5\u4e0b\u8054\u7cfb\u65b9\u5f0f\u8054\u7cfb\u6211\u4eec\u3002<\/p>\n<p><strong>\u8054\u7cfb\u6211\u4eec<\/strong><\/p>\n<p>\u5982\u679c\u60a8\u5bf9\u6211\u4eec\u7684\u9690\u79c1\u653f\u7b56\u6709\u4efb\u4f55\u95ee\u9898\u6216\u7591\u8651\uff0c\u8bf7\u901a\u8fc7\u4ee5\u4e0b\u7535\u5b50\u90ae\u4ef6\u5730\u5740\u8054\u7cfb\u6211\u4eec\uff1aseara@searaestridenteexport.com.<\/p>\n<\/div><\/div><\/div><\/div><\/div><\/div><\/section>","protected":false},"excerpt":{"rendered":"Pol\u00edtica de Privacidade Coleta e Uso de Informa\u00e7\u00f5es Ao utilizar o Site, podemos coletar determinadas informa\u00e7\u00f5es pessoais suas, como seu nome, endere\u00e7o de e-mail, endere\u00e7o IP e informa\u00e7\u00f5es sobre o navegador que voc\u00ea est\u00e1 usando. Podemos usar essas informa\u00e7\u00f5es para fins de administra\u00e7\u00e3o do site, an\u00e1lise de tend\u00eancias, opera\u00e7\u00f5es internas e para melhorar a experi\u00eancia...","protected":false},"author":1,"featured_media":0,"parent":0,"menu_order":0,"comment_status":"closed","ping_status":"closed","template":"","meta":{"footnotes":""},"class_list":["post-638","page","type-page","status-publish","hentry"],"_links":{"self":[{"href":"https:\/\/searaestridenteexport.com\/cn\/wp-json\/wp\/v2\/pages\/638","targetHints":{"allow":["GET"]}}],"collection":[{"href":"https:\/\/searaestridenteexport.com\/cn\/wp-json\/wp\/v2\/pages"}],"about":[{"href":"https:\/\/searaestridenteexport.com\/cn\/wp-json\/wp\/v2\/types\/page"}],"author":[{"embeddable":true,"href":"https:\/\/searaestridenteexport.com\/cn\/wp-json\/wp\/v2\/users\/1"}],"replies":[{"embeddable":true,"href":"https:\/\/searaestridenteexport.com\/cn\/wp-json\/wp\/v2\/comments?post=638"}],"version-history":[{"count":3,"href":"https:\/\/searaestridenteexport.com\/cn\/wp-json\/wp\/v2\/pages\/638\/revisions"}],"predecessor-version":[{"id":642,"href":"https:\/\/searaestridenteexport.com\/cn\/wp-json\/wp\/v2\/pages\/638\/revisions\/642"}],"wp:attachment":[{"href":"https:\/\/searaestridenteexport.com\/cn\/wp-json\/wp\/v2\/media?parent=638"}],"curies":[{"name":"wp","href":"https:\/\/api.w.org\/{rel}","templated":true}]}}